{"id":1177,"date":"2025-05-08T16:16:26","date_gmt":"2025-05-08T14:16:26","guid":{"rendered":"https:\/\/plouf-restaurant-cancale.fr\/?page_id=1177"},"modified":"2025-05-08T16:16:26","modified_gmt":"2025-05-08T14:16:26","slug":"conditions-generales-mentions-legales","status":"publish","type":"page","link":"https:\/\/plouf-restaurant-cancale.fr\/en\/conditions-generales-mentions-legales\/","title":{"rendered":"Conditions g\u00e9n\u00e9rales &#8211; Mentions l\u00e9gales"},"content":{"rendered":"<p><strong>Propri\u00e9taire<\/strong> : Pierre-Maxime Renon<br \/>\n<strong>Cr\u00e9ateur<\/strong>\u00a0:\u00a0<a href=\"https:\/\/studio-thil.com\/\">studio-thil.com<\/a><br \/>\n<strong>Responsable publication<\/strong>\u00a0: Thibault LEYGNAC \u2013 contact@studio-thil.com<br \/>\nLe responsable publication est une personne physique ou une personne morale.<br \/>\n<strong>Webmaster<\/strong>\u00a0: Thibault LEYGNAC \u2013 contact@studio-thil.com<br \/>\n<strong>H\u00e9bergeur<\/strong>\u00a0: OVH \u2013 2 rue Kellermann \u2013 59100 Roubaix<\/p>\n<p class=\"\" data-start=\"201\" data-end=\"445\"><span class=\"relative -mx-px my-[-0.2rem] rounded px-px py-[0.2rem] transition-colors duration-100 ease-in-out\"><strong data-start=\"0\" data-end=\"17\" data-is-last-node=\"\" data-is-only-node=\"\">Plouf Cancale<\/strong><\/span><br data-start=\"238\" data-end=\"241\" \/><span class=\"relative -mx-px my-[-0.2rem] rounded px-px py-[0.2rem] transition-colors duration-100 ease-in-out\">Adresse : 20 Quai Gambetta, 35260 Cancale, France<\/span><br data-start=\"280\" data-end=\"283\" \/><span class=\"relative -mx-px my-[-0.2rem] rounded px-px py-[0.2rem] transition-colors duration-100 ease-in-out\">T\u00e9l\u00e9phone : 02 90 10 26 33<\/span><br data-start=\"322\" data-end=\"325\" \/><span class=\"relative -mx-px my-[-0.2rem] rounded px-px py-[0.2rem] transition-colors duration-100 ease-in-out\">Email : <a href=\"mailto:ploufcancale@gmail.com\" data-start=\"8\" data-end=\"30\" data-is-last-node=\"\">ploufcancale@gmail.com<\/a><\/span><br data-start=\"364\" data-end=\"367\" \/><span class=\"relative -mx-px my-[-0.2rem] rounded px-px py-[0.2rem] transition-colors duration-100 ease-in-out\">Responsable de la publication\u00a0<\/span><\/p>\n<h3 class=\"\" data-start=\"712\" data-end=\"740\">Propri\u00e9t\u00e9 intellectuelle<\/h3>\n<p class=\"\" data-start=\"742\" data-end=\"820\"><span class=\"relative -mx-px my-[-0.2rem] rounded px-px py-[0.2rem] transition-colors duration-100 ease-in-out\">L&rsquo;ensemble du contenu du site <a href=\"https:\/\/plouf-restaurant-cancale.fr\" target=\"_new\" rel=\"noopener noreferrer\" data-start=\"30\" data-end=\"96\">plouf-restaurant-cancale.fr<\/a>, incluant, de fa\u00e7on non limitative, les graphismes, images, textes, vid\u00e9os, animations, sons, logos, gifs et ic\u00f4nes ainsi que leur mise en forme sont la propri\u00e9t\u00e9 exclusive de Plouf Cancale, \u00e0 l&rsquo;exception des marques, logos ou contenus appartenant \u00e0 d&rsquo;autres soci\u00e9t\u00e9s partenaires ou auteurs.<\/span><\/p>\n<p class=\"\" data-start=\"822\" data-end=\"900\"><span class=\"relative -mx-px my-[-0.2rem] rounded px-px py-[0.2rem] transition-colors duration-100 ease-in-out\">Toute reproduction, distribution, modification, adaptation, retransmission ou publication, m\u00eame partielle, de ces diff\u00e9rents \u00e9l\u00e9ments est strictement interdite sans l&rsquo;accord expr\u00e8s par \u00e9crit de Plouf Cancale.<\/span><\/p>\n<h3 class=\"\" data-start=\"902\" data-end=\"926\">Donn\u00e9es personnelles<\/h3>\n<p class=\"\" data-start=\"928\" data-end=\"1046\"><span class=\"relative -mx-px my-[-0.2rem] rounded px-px py-[0.2rem] transition-colors duration-100 ease-in-out\">Conform\u00e9ment au R\u00e8glement G\u00e9n\u00e9ral sur la Protection des Donn\u00e9es (RGPD), vous disposez d&rsquo;un droit d&rsquo;acc\u00e8s, de rectification, de suppression et d&rsquo;opposition concernant vos donn\u00e9es personnelles.<\/span> <span class=\"relative -mx-px my-[-0.2rem] rounded px-px py-[0.2rem] transition-colors duration-100 ease-in-out\">Pour exercer ce droit, veuillez contacter : <a href=\"mailto:ploufcancale@gmail.com\" data-start=\"44\" data-end=\"66\">ploufcancale@gmail.com<\/a>.<\/span><span class=\"ms-1 inline-flex max-w-full items-center relative top-[-0.094rem] animate-[show_150ms_ease-in]\"><a class=\"flex h-4.5 overflow-hidden rounded-xl px-2 text-[0.5625em] font-medium text-token-text-secondary! bg-[#F4F4F4]! dark:bg-[#303030]! transition-colors duration-150 ease-in-out\" href=\"https:\/\/plouf-restaurant-cancale.fr\/?utm_source=chatgpt.com\" target=\"_blank\" rel=\"noopener\"><span class=\"relative start-0 bottom-0 flex h-full w-full items-center\"><span class=\"flex h-4 w-full items-center justify-between overflow-hidden\"><span class=\"max-w-full grow truncate overflow-hidden text-center\">plouf-restaurant-cancale.fr<\/span><\/span><\/span><\/a><\/span><\/p>\n<h3 class=\"\" data-start=\"1048\" data-end=\"1059\">Cookies<\/h3>\n<p class=\"\" data-start=\"1061\" data-end=\"1219\"><span class=\"relative -mx-px my-[-0.2rem] rounded px-px py-[0.2rem] transition-colors duration-100 ease-in-out\">Le site <a href=\"https:\/\/plouf-restaurant-cancale.fr\" target=\"_new\" rel=\"noopener noreferrer\" data-start=\"8\" data-end=\"74\">plouf-restaurant-cancale.fr<\/a> utilise des cookies pour am\u00e9liorer votre exp\u00e9rience de navigation.<\/span> <span class=\"relative -mx-px my-[-0.2rem] rounded px-px py-[0.2rem] transition-colors duration-100 ease-in-out\">Les cookies n\u00e9cessaires au fonctionnement du site sont activ\u00e9s par d\u00e9faut.<\/span> <span class=\"relative -mx-px my-[-0.2rem] rounded px-px py-[0.2rem] transition-colors duration-100 ease-in-out\">D&rsquo;autres cookies, tels que ceux utilis\u00e9s \u00e0 des fins analytiques ou publicitaires, ne sont activ\u00e9s qu&rsquo;avec votre consentement explicite.<\/span><\/p>\n<p class=\"\" data-start=\"1221\" data-end=\"1299\"><span class=\"relative -mx-px my-[-0.2rem] rounded px-px py-[0.2rem] transition-colors duration-100 ease-in-out\">Vous pouvez \u00e0 tout moment modifier vos pr\u00e9f\u00e9rences en mati\u00e8re de cookies en acc\u00e9dant \u00e0 notre <a href=\"#\" data-start=\"93\" data-end=\"125\">page de gestion des cookies<\/a>.<\/span><\/p>\n<h3 class=\"\" data-start=\"1301\" data-end=\"1322\">Liens hypertextes<\/h3>\n<p class=\"\" data-start=\"1324\" data-end=\"1522\"><span class=\"relative -mx-px my-[-0.2rem] rounded px-px py-[0.2rem] transition-colors duration-100 ease-in-out\">Le site <a href=\"https:\/\/plouf-restaurant-cancale.fr\" target=\"_new\" rel=\"noopener noreferrer\" data-start=\"8\" data-end=\"74\">plouf-restaurant-cancale.fr<\/a> peut contenir des liens vers d&rsquo;autres sites internet ou d&rsquo;autres ressources disponibles sur Internet.<\/span> <span class=\"relative -mx-px my-[-0.2rem] rounded px-px py-[0.2rem] transition-colors duration-100 ease-in-out\">Plouf Cancale ne dispose d&rsquo;aucun moyen pour contr\u00f4ler les sites en connexion avec ses sites internet.<\/span> <span class=\"relative -mx-px my-[-0.2rem] rounded px-px py-[0.2rem] transition-colors duration-100 ease-in-out\">Plouf Cancale ne r\u00e9pond pas de la disponibilit\u00e9 de tels sites et sources externes, ni ne la garantit.<\/span> <span class=\"relative -mx-px my-[-0.2rem] rounded px-px py-[0.2rem] transition-colors duration-100 ease-in-out\">Elle ne peut \u00eatre tenue pour responsable de tout dommage, de quelque nature que ce soit, r\u00e9sultant du contenu de ces sites ou sources externes.<\/span><\/p>\n<h3 class=\"\" data-start=\"1524\" data-end=\"1544\">Droit applicable<\/h3>\n<p class=\"\" data-start=\"1546\" data-end=\"1664\"><span class=\"relative -mx-px my-[-0.2rem] rounded px-px py-[0.2rem] transition-colors duration-100 ease-in-out\">Le site <a href=\"https:\/\/plouf-restaurant-cancale.fr\" target=\"_new\" rel=\"noopener noreferrer\" data-start=\"8\" data-end=\"74\">plouf-restaurant-cancale.fr<\/a> est r\u00e9gi par le droit fran\u00e7ais.<\/span> <span class=\"relative -mx-px my-[-0.2rem] rounded px-px py-[0.2rem] transition-colors duration-100 ease-in-out\">En cas de litige, et apr\u00e8s l&rsquo;\u00e9chec de toute tentative de recherche d&rsquo;une solution amiable, les tribunaux fran\u00e7ais seront seuls comp\u00e9tents pour conna\u00eetre de ce litige.<\/span><\/p>\n","protected":false},"excerpt":{"rendered":"<p>Propri\u00e9taire : Pierre-Maxime Renon Cr\u00e9ateur\u00a0:\u00a0studio-thil.com Responsable publication\u00a0: Thibault LEYGNAC \u2013 contact@studio-thil.com Le responsable publication est une personne physique ou une personne morale. Webmaster\u00a0: Thibault LEYGNAC \u2013 contact@studio-thil.com H\u00e9bergeur\u00a0: OVH \u2013<\/p>","protected":false},"author":1,"featured_media":0,"parent":0,"menu_order":0,"comment_status":"closed","ping_status":"closed","template":"","meta":{"footnotes":""},"class_list":["post-1177","page","type-page","status-publish","hentry"],"_links":{"self":[{"href":"https:\/\/plouf-restaurant-cancale.fr\/en\/wp-json\/wp\/v2\/pages\/1177","targetHints":{"allow":["GET"]}}],"collection":[{"href":"https:\/\/plouf-restaurant-cancale.fr\/en\/wp-json\/wp\/v2\/pages"}],"about":[{"href":"https:\/\/plouf-restaurant-cancale.fr\/en\/wp-json\/wp\/v2\/types\/page"}],"author":[{"embeddable":true,"href":"https:\/\/plouf-restaurant-cancale.fr\/en\/wp-json\/wp\/v2\/users\/1"}],"replies":[{"embeddable":true,"href":"https:\/\/plouf-restaurant-cancale.fr\/en\/wp-json\/wp\/v2\/comments?post=1177"}],"version-history":[{"count":1,"href":"https:\/\/plouf-restaurant-cancale.fr\/en\/wp-json\/wp\/v2\/pages\/1177\/revisions"}],"predecessor-version":[{"id":1178,"href":"https:\/\/plouf-restaurant-cancale.fr\/en\/wp-json\/wp\/v2\/pages\/1177\/revisions\/1178"}],"wp:attachment":[{"href":"https:\/\/plouf-restaurant-cancale.fr\/en\/wp-json\/wp\/v2\/media?parent=1177"}],"curies":[{"name":"wp","href":"https:\/\/api.w.org\/{rel}","templated":true}]}}